{"id":47706,"date":"2021-12-05T19:50:15","date_gmt":"2021-12-05T19:50:15","guid":{"rendered":"https:\/\/gocekyatkirala.com\/about-us\/"},"modified":"2026-03-11T18:07:26","modified_gmt":"2026-03-11T18:07:26","slug":"about-us","status":"publish","type":"page","link":"https:\/\/gocekyatkirala.com\/en\/about-us\/","title":{"rendered":"About Us"},"content":{"rendered":"\t\t<div data-elementor-type=\"wp-page\" data-elementor-id=\"47706\" class=\"elementor elementor-47706 elementor-29531\">\n\t\t\t\t<div class=\"elementor-element elementor-element-469058f lte-background-gray e-flex e-con-boxed e-con e-parent\" data-id=\"469058f\" data-element_type=\"container\" data-e-type=\"container\">\n\t\t\t\t\t<div class=\"e-con-inner\">\n\t\t<div class=\"elementor-element elementor-element-9011095 e-con-full e-flex e-con e-child\" data-id=\"9011095\" data-element_type=\"container\" data-e-type=\"container\">\n\t\t<div class=\"elementor-element elementor-element-ed5aa87 e-con-full e-flex e-con e-child\" data-id=\"ed5aa87\" data-element_type=\"container\" data-e-type=\"container\">\n\t\t\t\t<div class=\"elementor-element elementor-element-fa1cbf4 lte-heading-align-tablet-center lte-watermark-offset-true elementor-widget elementor-widget-lte-header\" data-id=\"fa1cbf4\" data-element_type=\"widget\" data-e-type=\"widget\" data-widget_type=\"lte-header.default\">\n\t\t\t\t<div class=\"elementor-widget-container\">\n\t\t\t\t\t<div class=\"lte-heading lte-style-header-subheader has-subheader has-watermark heading-tag-h2 heading-subtag-h6\"><div class=\"lte-heading-content\"><h6 class=\"lte-subheader\">The address of Luxury and Freedom<\/h6><h2 class=\"lte-header\">\"WELCOME TO YOUR HOME IN GOCEK<\/h2><span class=\"lte-watermark\">GYK<\/span><\/div><\/div>\t\t\t\t<\/div>\n\t\t\t\t<\/div>\n\t\t\t\t<\/div>\n\t\t<div class=\"elementor-element elementor-element-ce4ffc0 e-con-full e-flex e-con e-child\" data-id=\"ce4ffc0\" data-element_type=\"container\" data-e-type=\"container\">\n\t\t\t\t<div class=\"elementor-element elementor-element-ca8d418 elementor-widget elementor-widget-text-editor\" data-id=\"ca8d418\" data-element_type=\"widget\" data-e-type=\"widget\" data-widget_type=\"text-editor.default\">\n\t\t\t\t<div class=\"elementor-widget-container\">\n\t\t\t\t\t\t\t\t\t<p>&#8220;G\u00f6cek Yacht Charter is not just a boat charter brand for us; it is a passion that we have meticulously grown over the years and put our soul into every detail. The most valuable thing for us in this blue story is trust. <br>You can be sure of this: We do not offer our guests any boat that we have not personally inspected, that we have not seen every corner with our own eyes and most importantly; that we would not get on board ourselves. Every boat in our fleet is inspected by us from A to Z; we promise only an exclusive experience with our reliable crew and high service standards.&#8221; <\/p>\t\t\t\t\t\t\t\t<\/div>\n\t\t\t\t<\/div>\n\t\t\t\t<\/div>\n\t\t\t\t<\/div>\n\t\t\t\t<div class=\"elementor-element elementor-element-fbdf7dc elementor-widget elementor-widget-image-gallery\" data-id=\"fbdf7dc\" data-element_type=\"widget\" data-e-type=\"widget\" data-widget_type=\"image-gallery.default\">\n\t\t\t\t<div class=\"elementor-widget-container\">\n\t\t\t\t\t\t\t<div class=\"elementor-image-gallery\">\n\t\t\t<div id='gallery-1' class='gallery galleryid-47706 gallery-columns-3 gallery-size-oceania-rental'><figure class='gallery-item'>\n\t\t\t<div class='gallery-icon portrait'>\n\t\t\t\t<a data-elementor-open-lightbox=\"yes\" data-elementor-lightbox-slideshow=\"fbdf7dc\" data-elementor-lightbox-title=\"IMG-20260311-WA0051\" data-e-action-hash=\"#elementor-action%3Aaction%3Dlightbox%26settings%3DeyJpZCI6NDgzNDgsInVybCI6Imh0dHBzOlwvXC9nb2Nla3lhdGtpcmFsYS5jb21cL3dwLWNvbnRlbnRcL3VwbG9hZHNcLzIwMjZcLzAzXC9JTUctMjAyNjAzMTEtV0EwMDUxLTQuanBnIiwic2xpZGVzaG93IjoiZmJkZjdkYyJ9\" href='https:\/\/gocekyatkirala.com\/wp-content\/uploads\/2026\/03\/IMG-20260311-WA0051-4.jpg'><img loading=\"lazy\" decoding=\"async\" width=\"770\" height=\"530\" src=\"https:\/\/gocekyatkirala.com\/wp-content\/uploads\/2026\/03\/IMG-20260311-WA0051-4-770x530.jpg\" class=\"attachment-oceania-rental size-oceania-rental\" alt=\"\" \/><\/a>\n\t\t\t<\/div><\/figure><figure class='gallery-item'>\n\t\t\t<div class='gallery-icon portrait'>\n\t\t\t\t<a data-elementor-open-lightbox=\"yes\" data-elementor-lightbox-slideshow=\"fbdf7dc\" data-elementor-lightbox-title=\"IMG-20260311-WA0031\" data-e-action-hash=\"#elementor-action%3Aaction%3Dlightbox%26settings%3DeyJpZCI6NDgzNDksInVybCI6Imh0dHBzOlwvXC9nb2Nla3lhdGtpcmFsYS5jb21cL3dwLWNvbnRlbnRcL3VwbG9hZHNcLzIwMjZcLzAzXC9JTUctMjAyNjAzMTEtV0EwMDMxLXNjYWxlZC5qcGciLCJzbGlkZXNob3ciOiJmYmRmN2RjIn0%3D\" href='https:\/\/gocekyatkirala.com\/wp-content\/uploads\/2026\/03\/IMG-20260311-WA0031-scaled.jpg'><img loading=\"lazy\" decoding=\"async\" width=\"770\" height=\"530\" src=\"https:\/\/gocekyatkirala.com\/wp-content\/uploads\/2026\/03\/IMG-20260311-WA0031-770x530.jpg\" class=\"attachment-oceania-rental size-oceania-rental\" alt=\"\" \/><\/a>\n\t\t\t<\/div><\/figure><figure class='gallery-item'>\n\t\t\t<div class='gallery-icon portrait'>\n\t\t\t\t<a data-elementor-open-lightbox=\"yes\" data-elementor-lightbox-slideshow=\"fbdf7dc\" data-elementor-lightbox-title=\"IMG-20260311-WA0031\" data-e-action-hash=\"#elementor-action%3Aaction%3Dlightbox%26settings%3DeyJpZCI6NDgzNTAsInVybCI6Imh0dHBzOlwvXC9nb2Nla3lhdGtpcmFsYS5jb21cL3dwLWNvbnRlbnRcL3VwbG9hZHNcLzIwMjZcLzAzXC9JTUctMjAyNjAzMTEtV0EwMDI3LmpwZyIsInNsaWRlc2hvdyI6ImZiZGY3ZGMifQ%3D%3D\" href='https:\/\/gocekyatkirala.com\/wp-content\/uploads\/2026\/03\/IMG-20260311-WA0027.jpg'><img loading=\"lazy\" decoding=\"async\" width=\"770\" height=\"530\" src=\"https:\/\/gocekyatkirala.com\/wp-content\/uploads\/2026\/03\/IMG-20260311-WA0027-770x530.jpg\" class=\"attachment-oceania-rental size-oceania-rental\" alt=\"\" \/><\/a>\n\t\t\t<\/div><\/figure>\n\t\t<\/div>\n\t\t<\/div>\n\t\t\t\t\t\t<\/div>\n\t\t\t\t<\/div>\n\t\t\t\t<div class=\"elementor-element elementor-element-c363b1c lte-heading-align-center lte-heading-align-mobile-center lte-watermark-offset-1 elementor-widget elementor-widget-lte-header\" data-id=\"c363b1c\" data-element_type=\"widget\" data-e-type=\"widget\" data-widget_type=\"lte-header.default\">\n\t\t\t\t<div class=\"elementor-widget-container\">\n\t\t\t\t\t<div class=\"lte-heading lte-style-header-subheader has-subheader heading-tag-h4 heading-subtag-h6\"><div class=\"lte-heading-content\"><h6 class=\"lte-subheader\">MORE THAN A CUSTOMER, BECOMING A FAMILY<\/h6><h4 class=\"lte-header\">YOUR FAMILY BY YOUR SIDE 24\/7<\/h4><\/div><\/div>\t\t\t\t<\/div>\n\t\t\t\t<\/div>\n\t\t\t\t<div class=\"elementor-element elementor-element-07d0b3b elementor-widget elementor-widget-text-editor\" data-id=\"07d0b3b\" data-element_type=\"widget\" data-e-type=\"widget\" data-widget_type=\"text-editor.default\">\n\t\t\t\t<div class=\"elementor-widget-container\">\n\t\t\t\t\t\t\t\t\t<p>&#8220;When you sail with us, you don&#8217;t just plan a vacation, you become a member of the \u00dc\u00e7g\u00fcl family. We personally take care of every detail, from your provisions to your route, from your smallest needs to the hidden bays of Gocek.<br>There is no one else in between; we are a real family business where you can reach us directly 24\/7 and find answers to your every question with sincerity. Thanks to the bond we have established with our guests who sail with us once, we come together every year as if we were hosting old friends at our &#8216;home&#8217;. Thank you for sharing this care with us.&#8221;   <\/p>\t\t\t\t\t\t\t\t<\/div>\n\t\t\t\t<\/div>\n\t\t\t\t<div class=\"elementor-element elementor-element-c055beb elementor-widget elementor-widget-lte-button\" data-id=\"c055beb\" data-element_type=\"widget\" data-e-type=\"widget\" data-widget_type=\"lte-button.default\">\n\t\t\t\t<div class=\"elementor-widget-container\">\n\t\t\t\t\t<div class=\"lte-btn-wrap\">\r\n\t<a href=\"https:\/\/wa.me\/905408584848\"  target=\"_blank\"  class=\"lte-btn color-hover-default lte-icon-style-default\"><span class=\"lte-btn-inner\"><span class=\"lte-btn-before\"><\/span>LET&#039;S GET STARTED<span class=\"lte-btn-after\"><\/span><\/span><\/a><\/div>\t\t\t\t<\/div>\n\t\t\t\t<\/div>\n\t\t\t\t\t<\/div>\n\t\t\t\t<\/div>\n\t\t<div class=\"elementor-element elementor-element-6e52c79 e-flex e-con-boxed e-con e-parent\" data-id=\"6e52c79\" data-element_type=\"container\" data-e-type=\"container\">\n\t\t\t\t\t<div class=\"e-con-inner\">\n\t\t\t\t<div class=\"elementor-element elementor-element-ed62b25 lte-watermark-offset-1 elementor-widget elementor-widget-lte-header\" data-id=\"ed62b25\" data-element_type=\"widget\" data-e-type=\"widget\" data-widget_type=\"lte-header.default\">\n\t\t\t\t<div class=\"elementor-widget-container\">\n\t\t\t\t\t<div class=\"lte-heading lte-size-md lte-style-default heading-tag-h4 heading-subtag-h4\"><div class=\"lte-heading-content\"><h4 class=\"lte-header\">BLUE MEMORIES THAT MULTIPLY AS WE SHARE  <\/h4><\/div><\/div>\t\t\t\t<\/div>\n\t\t\t\t<\/div>\n\t\t\t\t<div class=\"elementor-element elementor-element-247e681 gallery-spacing-custom elementor-widget elementor-widget-image-gallery\" data-id=\"247e681\" data-element_type=\"widget\" data-e-type=\"widget\" data-widget_type=\"image-gallery.default\">\n\t\t\t\t<div class=\"elementor-widget-container\">\n\t\t\t\t\t\t\t<div class=\"elementor-image-gallery\">\n\t\t\t<div id='gallery-2' class='gallery galleryid-47706 gallery-columns-3 gallery-size-oceania-rental'><figure class='gallery-item'>\n\t\t\t<div class='gallery-icon landscape'>\n\t\t\t\t<a data-elementor-open-lightbox=\"yes\" data-elementor-lightbox-slideshow=\"247e681\" data-elementor-lightbox-title=\"Ads\u0131z tasar\u0131m_20260311_132534_0000\" data-e-action-hash=\"#elementor-action%3Aaction%3Dlightbox%26settings%3DeyJpZCI6NDgzNTEsInVybCI6Imh0dHBzOlwvXC9nb2Nla3lhdGtpcmFsYS5jb21cL3dwLWNvbnRlbnRcL3VwbG9hZHNcLzIwMjZcLzAzXC9BZHNpei10YXNhcmltXzIwMjYwMzExXzEzMjUzNF8wMDAwLXNjYWxlZC5wbmciLCJzbGlkZXNob3ciOiIyNDdlNjgxIn0%3D\" href='https:\/\/gocekyatkirala.com\/wp-content\/uploads\/2026\/03\/Adsiz-tasarim_20260311_132534_0000-scaled.png'><img loading=\"lazy\" decoding=\"async\" width=\"770\" height=\"530\" src=\"https:\/\/gocekyatkirala.com\/wp-content\/uploads\/2026\/03\/Adsiz-tasarim_20260311_132534_0000-770x530.png\" class=\"attachment-oceania-rental size-oceania-rental\" alt=\"\" \/><\/a>\n\t\t\t<\/div><\/figure><figure class='gallery-item'>\n\t\t\t<div class='gallery-icon landscape'>\n\t\t\t\t<a data-elementor-open-lightbox=\"yes\" data-elementor-lightbox-slideshow=\"247e681\" data-elementor-lightbox-title=\"Ads\u0131z tasar\u0131m_20260311_132627_0000\" data-e-action-hash=\"#elementor-action%3Aaction%3Dlightbox%26settings%3DeyJpZCI6NDgzNTIsInVybCI6Imh0dHBzOlwvXC9nb2Nla3lhdGtpcmFsYS5jb21cL3dwLWNvbnRlbnRcL3VwbG9hZHNcLzIwMjZcLzAzXC9BZHNpei10YXNhcmltXzIwMjYwMzExXzEzMjYyN18wMDAwLXNjYWxlZC5wbmciLCJzbGlkZXNob3ciOiIyNDdlNjgxIn0%3D\" href='https:\/\/gocekyatkirala.com\/wp-content\/uploads\/2026\/03\/Adsiz-tasarim_20260311_132627_0000-scaled.png'><img loading=\"lazy\" decoding=\"async\" width=\"770\" height=\"530\" src=\"https:\/\/gocekyatkirala.com\/wp-content\/uploads\/2026\/03\/Adsiz-tasarim_20260311_132627_0000-770x530.png\" class=\"attachment-oceania-rental size-oceania-rental\" alt=\"\" \/><\/a>\n\t\t\t<\/div><\/figure><figure class='gallery-item'>\n\t\t\t<div class='gallery-icon landscape'>\n\t\t\t\t<a data-elementor-open-lightbox=\"yes\" data-elementor-lightbox-slideshow=\"247e681\" data-elementor-lightbox-title=\"Ads\u0131z tasar\u0131m_20260311_132401_0000\" data-e-action-hash=\"#elementor-action%3Aaction%3Dlightbox%26settings%3DeyJpZCI6NDgzNTMsInVybCI6Imh0dHBzOlwvXC9nb2Nla3lhdGtpcmFsYS5jb21cL3dwLWNvbnRlbnRcL3VwbG9hZHNcLzIwMjZcLzAzXC9BZHNpei10YXNhcmltXzIwMjYwMzExXzEzMjQwMV8wMDAwLXNjYWxlZC5wbmciLCJzbGlkZXNob3ciOiIyNDdlNjgxIn0%3D\" href='https:\/\/gocekyatkirala.com\/wp-content\/uploads\/2026\/03\/Adsiz-tasarim_20260311_132401_0000-scaled.png'><img loading=\"lazy\" decoding=\"async\" width=\"770\" height=\"530\" src=\"https:\/\/gocekyatkirala.com\/wp-content\/uploads\/2026\/03\/Adsiz-tasarim_20260311_132401_0000-770x530.png\" class=\"attachment-oceania-rental size-oceania-rental\" alt=\"\" \/><\/a>\n\t\t\t<\/div><\/figure><figure class='gallery-item'>\n\t\t\t<div class='gallery-icon landscape'>\n\t\t\t\t<a data-elementor-open-lightbox=\"yes\" data-elementor-lightbox-slideshow=\"247e681\" data-elementor-lightbox-title=\"Ads\u0131z tasar\u0131m_20260311_132254_0000\" data-e-action-hash=\"#elementor-action%3Aaction%3Dlightbox%26settings%3DeyJpZCI6NDgzNTQsInVybCI6Imh0dHBzOlwvXC9nb2Nla3lhdGtpcmFsYS5jb21cL3dwLWNvbnRlbnRcL3VwbG9hZHNcLzIwMjZcLzAzXC9BZHNpei10YXNhcmltXzIwMjYwMzExXzEzMjI1NF8wMDAwLnBuZyIsInNsaWRlc2hvdyI6IjI0N2U2ODEifQ%3D%3D\" href='https:\/\/gocekyatkirala.com\/wp-content\/uploads\/2026\/03\/Adsiz-tasarim_20260311_132254_0000.png'><img loading=\"lazy\" decoding=\"async\" width=\"770\" height=\"530\" src=\"https:\/\/gocekyatkirala.com\/wp-content\/uploads\/2026\/03\/Adsiz-tasarim_20260311_132254_0000-770x530.png\" class=\"attachment-oceania-rental size-oceania-rental\" alt=\"\" \/><\/a>\n\t\t\t<\/div><\/figure><figure class='gallery-item'>\n\t\t\t<div class='gallery-icon landscape'>\n\t\t\t\t<a data-elementor-open-lightbox=\"yes\" data-elementor-lightbox-slideshow=\"247e681\" data-elementor-lightbox-title=\"Ads\u0131z tasar\u0131m_20260311_132152_0000\" data-e-action-hash=\"#elementor-action%3Aaction%3Dlightbox%26settings%3DeyJpZCI6NDgzNTUsInVybCI6Imh0dHBzOlwvXC9nb2Nla3lhdGtpcmFsYS5jb21cL3dwLWNvbnRlbnRcL3VwbG9hZHNcLzIwMjZcLzAzXC9BZHNpei10YXNhcmltXzIwMjYwMzExXzEzMjE1Ml8wMDAwLnBuZyIsInNsaWRlc2hvdyI6IjI0N2U2ODEifQ%3D%3D\" href='https:\/\/gocekyatkirala.com\/wp-content\/uploads\/2026\/03\/Adsiz-tasarim_20260311_132152_0000.png'><img loading=\"lazy\" decoding=\"async\" width=\"770\" height=\"530\" src=\"https:\/\/gocekyatkirala.com\/wp-content\/uploads\/2026\/03\/Adsiz-tasarim_20260311_132152_0000-770x530.png\" class=\"attachment-oceania-rental size-oceania-rental\" alt=\"\" \/><\/a>\n\t\t\t<\/div><\/figure><figure class='gallery-item'>\n\t\t\t<div class='gallery-icon landscape'>\n\t\t\t\t<a data-elementor-open-lightbox=\"yes\" data-elementor-lightbox-slideshow=\"247e681\" data-elementor-lightbox-title=\"Ads\u0131z tasar\u0131m_20260311_131820_0000\" data-e-action-hash=\"#elementor-action%3Aaction%3Dlightbox%26settings%3DeyJpZCI6NDgzNTYsInVybCI6Imh0dHBzOlwvXC9nb2Nla3lhdGtpcmFsYS5jb21cL3dwLWNvbnRlbnRcL3VwbG9hZHNcLzIwMjZcLzAzXC9BZHNpei10YXNhcmltXzIwMjYwMzExXzEzMTgyMF8wMDAwLnBuZyIsInNsaWRlc2hvdyI6IjI0N2U2ODEifQ%3D%3D\" href='https:\/\/gocekyatkirala.com\/wp-content\/uploads\/2026\/03\/Adsiz-tasarim_20260311_131820_0000.png'><img loading=\"lazy\" decoding=\"async\" width=\"770\" height=\"530\" src=\"https:\/\/gocekyatkirala.com\/wp-content\/uploads\/2026\/03\/Adsiz-tasarim_20260311_131820_0000-770x530.png\" class=\"attachment-oceania-rental size-oceania-rental\" alt=\"\" \/><\/a>\n\t\t\t<\/div><\/figure><figure class='gallery-item'>\n\t\t\t<div class='gallery-icon portrait'>\n\t\t\t\t<a data-elementor-open-lightbox=\"yes\" data-elementor-lightbox-slideshow=\"247e681\" data-elementor-lightbox-title=\"Ads\u0131z tasar\u0131m_20260311_132836_0000\" data-e-action-hash=\"#elementor-action%3Aaction%3Dlightbox%26settings%3DeyJpZCI6NDgzNTcsInVybCI6Imh0dHBzOlwvXC9nb2Nla3lhdGtpcmFsYS5jb21cL3dwLWNvbnRlbnRcL3VwbG9hZHNcLzIwMjZcLzAzXC9BZHNpei10YXNhcmltXzIwMjYwMzExXzEzMjgzNl8wMDAwLXNjYWxlZC5wbmciLCJzbGlkZXNob3ciOiIyNDdlNjgxIn0%3D\" href='https:\/\/gocekyatkirala.com\/wp-content\/uploads\/2026\/03\/Adsiz-tasarim_20260311_132836_0000-scaled.png'><img loading=\"lazy\" decoding=\"async\" width=\"770\" height=\"530\" src=\"https:\/\/gocekyatkirala.com\/wp-content\/uploads\/2026\/03\/Adsiz-tasarim_20260311_132836_0000-770x530.png\" class=\"attachment-oceania-rental size-oceania-rental\" alt=\"\" \/><\/a>\n\t\t\t<\/div><\/figure><figure class='gallery-item'>\n\t\t\t<div class='gallery-icon landscape'>\n\t\t\t\t<a data-elementor-open-lightbox=\"yes\" data-elementor-lightbox-slideshow=\"247e681\" data-elementor-lightbox-title=\"Ads\u0131z tasar\u0131m_20260311_132744_0000\" data-e-action-hash=\"#elementor-action%3Aaction%3Dlightbox%26settings%3DeyJpZCI6NDgzNTgsInVybCI6Imh0dHBzOlwvXC9nb2Nla3lhdGtpcmFsYS5jb21cL3dwLWNvbnRlbnRcL3VwbG9hZHNcLzIwMjZcLzAzXC9BZHNpei10YXNhcmltXzIwMjYwMzExXzEzMjc0NF8wMDAwLXNjYWxlZC5wbmciLCJzbGlkZXNob3ciOiIyNDdlNjgxIn0%3D\" href='https:\/\/gocekyatkirala.com\/wp-content\/uploads\/2026\/03\/Adsiz-tasarim_20260311_132744_0000-scaled.png'><img loading=\"lazy\" decoding=\"async\" width=\"770\" height=\"530\" src=\"https:\/\/gocekyatkirala.com\/wp-content\/uploads\/2026\/03\/Adsiz-tasarim_20260311_132744_0000-770x530.png\" class=\"attachment-oceania-rental size-oceania-rental\" alt=\"\" \/><\/a>\n\t\t\t<\/div><\/figure><figure class='gallery-item'>\n\t\t\t<div class='gallery-icon landscape'>\n\t\t\t\t<a data-elementor-open-lightbox=\"yes\" data-elementor-lightbox-slideshow=\"247e681\" data-elementor-lightbox-title=\"Ads\u0131z tasar\u0131m_20260311_131507_0000\" data-e-action-hash=\"#elementor-action%3Aaction%3Dlightbox%26settings%3DeyJpZCI6NDgzNTksInVybCI6Imh0dHBzOlwvXC9nb2Nla3lhdGtpcmFsYS5jb21cL3dwLWNvbnRlbnRcL3VwbG9hZHNcLzIwMjZcLzAzXC9BZHNpei10YXNhcmltXzIwMjYwMzExXzEzMTUwN18wMDAwLnBuZyIsInNsaWRlc2hvdyI6IjI0N2U2ODEifQ%3D%3D\" href='https:\/\/gocekyatkirala.com\/wp-content\/uploads\/2026\/03\/Adsiz-tasarim_20260311_131507_0000.png'><img loading=\"lazy\" decoding=\"async\" width=\"770\" height=\"530\" src=\"https:\/\/gocekyatkirala.com\/wp-content\/uploads\/2026\/03\/Adsiz-tasarim_20260311_131507_0000-770x530.png\" class=\"attachment-oceania-rental size-oceania-rental\" alt=\"\" \/><\/a>\n\t\t\t<\/div><\/figure><figure class='gallery-item'>\n\t\t\t<div class='gallery-icon landscape'>\n\t\t\t\t<a data-elementor-open-lightbox=\"yes\" data-elementor-lightbox-slideshow=\"247e681\" data-elementor-lightbox-title=\"20260311_133028_0000\" data-e-action-hash=\"#elementor-action%3Aaction%3Dlightbox%26settings%3DeyJpZCI6NDgzNjAsInVybCI6Imh0dHBzOlwvXC9nb2Nla3lhdGtpcmFsYS5jb21cL3dwLWNvbnRlbnRcL3VwbG9hZHNcLzIwMjZcLzAzXC8yMDI2MDMxMV8xMzMwMjhfMDAwMC5wbmciLCJzbGlkZXNob3ciOiIyNDdlNjgxIn0%3D\" href='https:\/\/gocekyatkirala.com\/wp-content\/uploads\/2026\/03\/20260311_133028_0000.png'><img loading=\"lazy\" decoding=\"async\" width=\"770\" height=\"530\" src=\"https:\/\/gocekyatkirala.com\/wp-content\/uploads\/2026\/03\/20260311_133028_0000-770x530.png\" class=\"attachment-oceania-rental size-oceania-rental\" alt=\"\" \/><\/a>\n\t\t\t<\/div><\/figure><figure class='gallery-item'>\n\t\t\t<div class='gallery-icon portrait'>\n\t\t\t\t<a data-elementor-open-lightbox=\"yes\" data-elementor-lightbox-slideshow=\"247e681\" data-elementor-lightbox-title=\"20260311_133045_0000\" data-e-action-hash=\"#elementor-action%3Aaction%3Dlightbox%26settings%3DeyJpZCI6NDgzNjEsInVybCI6Imh0dHBzOlwvXC9nb2Nla3lhdGtpcmFsYS5jb21cL3dwLWNvbnRlbnRcL3VwbG9hZHNcLzIwMjZcLzAzXC8yMDI2MDMxMV8xMzMwNDVfMDAwMC5wbmciLCJzbGlkZXNob3ciOiIyNDdlNjgxIn0%3D\" href='https:\/\/gocekyatkirala.com\/wp-content\/uploads\/2026\/03\/20260311_133045_0000.png'><img loading=\"lazy\" decoding=\"async\" width=\"770\" height=\"530\" src=\"https:\/\/gocekyatkirala.com\/wp-content\/uploads\/2026\/03\/20260311_133045_0000-770x530.png\" class=\"attachment-oceania-rental size-oceania-rental\" alt=\"\" \/><\/a>\n\t\t\t<\/div><\/figure><figure class='gallery-item'>\n\t\t\t<div class='gallery-icon portrait'>\n\t\t\t\t<a data-elementor-open-lightbox=\"yes\" data-elementor-lightbox-slideshow=\"247e681\" data-elementor-lightbox-title=\"Ads\u0131z tasar\u0131m_20260311_133144_0000\" data-e-action-hash=\"#elementor-action%3Aaction%3Dlightbox%26settings%3DeyJpZCI6NDgzNjIsInVybCI6Imh0dHBzOlwvXC9nb2Nla3lhdGtpcmFsYS5jb21cL3dwLWNvbnRlbnRcL3VwbG9hZHNcLzIwMjZcLzAzXC9BZHNpei10YXNhcmltXzIwMjYwMzExXzEzMzE0NF8wMDAwLnBuZyIsInNsaWRlc2hvdyI6IjI0N2U2ODEifQ%3D%3D\" href='https:\/\/gocekyatkirala.com\/wp-content\/uploads\/2026\/03\/Adsiz-tasarim_20260311_133144_0000.png'><img loading=\"lazy\" decoding=\"async\" width=\"770\" height=\"530\" src=\"https:\/\/gocekyatkirala.com\/wp-content\/uploads\/2026\/03\/Adsiz-tasarim_20260311_133144_0000-770x530.png\" class=\"attachment-oceania-rental size-oceania-rental\" alt=\"\" \/><\/a>\n\t\t\t<\/div><\/figure><figure class='gallery-item'>\n\t\t\t<div class='gallery-icon landscape'>\n\t\t\t\t<a data-elementor-open-lightbox=\"yes\" data-elementor-lightbox-slideshow=\"247e681\" data-elementor-lightbox-title=\"Ads\u0131z tasar\u0131m_20260311_133415_0000\" data-e-action-hash=\"#elementor-action%3Aaction%3Dlightbox%26settings%3DeyJpZCI6NDgzNjMsInVybCI6Imh0dHBzOlwvXC9nb2Nla3lhdGtpcmFsYS5jb21cL3dwLWNvbnRlbnRcL3VwbG9hZHNcLzIwMjZcLzAzXC9BZHNpei10YXNhcmltXzIwMjYwMzExXzEzMzQxNV8wMDAwLnBuZyIsInNsaWRlc2hvdyI6IjI0N2U2ODEifQ%3D%3D\" href='https:\/\/gocekyatkirala.com\/wp-content\/uploads\/2026\/03\/Adsiz-tasarim_20260311_133415_0000.png'><img loading=\"lazy\" decoding=\"async\" width=\"770\" height=\"530\" src=\"https:\/\/gocekyatkirala.com\/wp-content\/uploads\/2026\/03\/Adsiz-tasarim_20260311_133415_0000-770x530.png\" class=\"attachment-oceania-rental size-oceania-rental\" alt=\"\" \/><\/a>\n\t\t\t<\/div><\/figure><figure class='gallery-item'>\n\t\t\t<div class='gallery-icon landscape'>\n\t\t\t\t<a data-elementor-open-lightbox=\"yes\" data-elementor-lightbox-slideshow=\"247e681\" data-elementor-lightbox-title=\"Ads\u0131z tasar\u0131m_20260311_134026_0000\" data-e-action-hash=\"#elementor-action%3Aaction%3Dlightbox%26settings%3DeyJpZCI6NDgzNjQsInVybCI6Imh0dHBzOlwvXC9nb2Nla3lhdGtpcmFsYS5jb21cL3dwLWNvbnRlbnRcL3VwbG9hZHNcLzIwMjZcLzAzXC9BZHNpei10YXNhcmltXzIwMjYwMzExXzEzNDAyNl8wMDAwLnBuZyIsInNsaWRlc2hvdyI6IjI0N2U2ODEifQ%3D%3D\" href='https:\/\/gocekyatkirala.com\/wp-content\/uploads\/2026\/03\/Adsiz-tasarim_20260311_134026_0000.png'><img loading=\"lazy\" decoding=\"async\" width=\"770\" height=\"530\" src=\"https:\/\/gocekyatkirala.com\/wp-content\/uploads\/2026\/03\/Adsiz-tasarim_20260311_134026_0000-770x530.png\" class=\"attachment-oceania-rental size-oceania-rental\" alt=\"\" \/><\/a>\n\t\t\t<\/div><\/figure><figure class='gallery-item'>\n\t\t\t<div class='gallery-icon landscape'>\n\t\t\t\t<a data-elementor-open-lightbox=\"yes\" data-elementor-lightbox-slideshow=\"247e681\" data-elementor-lightbox-title=\"Ads\u0131z tasar\u0131m_20260311_134118_0000\" data-e-action-hash=\"#elementor-action%3Aaction%3Dlightbox%26settings%3DeyJpZCI6NDgzNjUsInVybCI6Imh0dHBzOlwvXC9nb2Nla3lhdGtpcmFsYS5jb21cL3dwLWNvbnRlbnRcL3VwbG9hZHNcLzIwMjZcLzAzXC9BZHNpei10YXNhcmltXzIwMjYwMzExXzEzNDExOF8wMDAwLnBuZyIsInNsaWRlc2hvdyI6IjI0N2U2ODEifQ%3D%3D\" href='https:\/\/gocekyatkirala.com\/wp-content\/uploads\/2026\/03\/Adsiz-tasarim_20260311_134118_0000.png'><img loading=\"lazy\" decoding=\"async\" width=\"770\" height=\"530\" src=\"https:\/\/gocekyatkirala.com\/wp-content\/uploads\/2026\/03\/Adsiz-tasarim_20260311_134118_0000-770x530.png\" class=\"attachment-oceania-rental size-oceania-rental\" alt=\"\" \/><\/a>\n\t\t\t<\/div><\/figure>\n\t\t<\/div>\n\t\t<\/div>\n\t\t\t\t\t\t<\/div>\n\t\t\t\t<\/div>\n\t\t\t\t\t<\/div>\n\t\t\t\t<\/div>\n\t\t\t\t<\/div>\n\t\t","protected":false},"excerpt":{"rendered":"<p>The address of Luxury and Freedom &#8220;WELCOME TO YOUR HOME IN GOCEK GYK &#8220;G\u00f6cek Yacht Charter is not just a boat charter brand for us; it is a passion that [&hellip;]<\/p>\n","protected":false},"author":1,"featured_media":47708,"parent":0,"menu_order":0,"comment_status":"closed","ping_status":"closed","template":"page-templates\/full-width.php","meta":{"footnotes":""},"class_list":["post-47706","page","type-page","status-publish","has-post-thumbnail","hentry"],"_hostinger_reach_plugin_has_subscription_block":false,"_hostinger_reach_plugin_is_elementor":false,"_links":{"self":[{"href":"https:\/\/gocekyatkirala.com\/en\/wp-json\/wp\/v2\/pages\/47706","targetHints":{"allow":["GET"]}}],"collection":[{"href":"https:\/\/gocekyatkirala.com\/en\/wp-json\/wp\/v2\/pages"}],"about":[{"href":"https:\/\/gocekyatkirala.com\/en\/wp-json\/wp\/v2\/types\/page"}],"author":[{"embeddable":true,"href":"https:\/\/gocekyatkirala.com\/en\/wp-json\/wp\/v2\/users\/1"}],"replies":[{"embeddable":true,"href":"https:\/\/gocekyatkirala.com\/en\/wp-json\/wp\/v2\/comments?post=47706"}],"version-history":[{"count":0,"href":"https:\/\/gocekyatkirala.com\/en\/wp-json\/wp\/v2\/pages\/47706\/revisions"}],"wp:featuredmedia":[{"embeddable":true,"href":"https:\/\/gocekyatkirala.com\/en\/wp-json\/wp\/v2\/media\/47708"}],"wp:attachment":[{"href":"https:\/\/gocekyatkirala.com\/en\/wp-json\/wp\/v2\/media?parent=47706"}],"curies":[{"name":"wp","href":"https:\/\/api.w.org\/{rel}","templated":true}]}}